{"id":14858,"date":"2021-10-19T11:42:53","date_gmt":"2021-10-19T11:42:53","guid":{"rendered":"https:\/\/work.balthansa.ee\/pravila-ispolzovaniya-lichnyh-dannyh\/"},"modified":"2021-10-19T19:42:48","modified_gmt":"2021-10-19T19:42:48","slug":"privaatsus-ja-kasutustingimused","status":"publish","type":"page","link":"https:\/\/balthansa.ee\/et\/privaatsus-ja-kasutustingimused\/","title":{"rendered":"Privaatsus- ja kasutustingimused"},"content":{"rendered":"\t\t<div data-elementor-type=\"wp-page\" data-elementor-id=\"14858\" class=\"elementor elementor-14858 elementor-14844\" data-elementor-post-type=\"page\">\n\t\t\t\t\t\t<section class=\"elementor-section elementor-top-section elementor-element elementor-element-77b1774 elementor-section-boxed elementor-section-height-default elementor-section-height-default\" data-id=\"77b1774\" data-element_type=\"section\">\n\t\t\t\t\t\t<div class=\"elementor-container elementor-column-gap-default\">\n\t\t\t\t\t<div class=\"elementor-column elementor-col-100 elementor-top-column elementor-element elementor-element-79ef4be\" data-id=\"79ef4be\" data-element_type=\"column\">\n\t\t\t<div class=\"elementor-widget-wrap elementor-element-populated\">\n\t\t\t\t\t\t<div class=\"elementor-element elementor-element-74eaf4f elementor-widget elementor-widget-text-editor\" data-id=\"74eaf4f\" data-element_type=\"widget\" data-widget_type=\"text-editor.default\">\n\t\t\t\t<div class=\"elementor-widget-container\">\n\t\t\t<style>\/*! elementor - v3.21.0 - 26-05-2024 *\/\n.elementor-widget-text-editor.elementor-drop-cap-view-stacked .elementor-drop-cap{background-color:#69727d;color:#fff}.elementor-widget-text-editor.elementor-drop-cap-view-framed .elementor-drop-cap{color:#69727d;border:3px solid;background-color:transparent}.elementor-widget-text-editor:not(.elementor-drop-cap-view-default) .elementor-drop-cap{margin-top:8px}.elementor-widget-text-editor:not(.elementor-drop-cap-view-default) .elementor-drop-cap-letter{width:1em;height:1em}.elementor-widget-text-editor .elementor-drop-cap{float:left;text-align:center;line-height:1;font-size:50px}.elementor-widget-text-editor .elementor-drop-cap-letter{display:inline-block}<\/style>\t\t\t\t<h1><b>Kliendiandmete privaatsuspoliitika<\/b><\/h1><p>\u00a0<\/p><h2><b>Andmete t\u00f6\u00f6tlemise p\u00f5him\u00f5tted<\/b><\/h2><p>\u00a0<\/p><p><span style=\"font-weight: 400;\">Sinu isikuandmete vastutustundlik kaitsmine on meie jaoks oluline. Isikuandmete t\u00f6\u00f6tlemise poliitikas kirjeldatakse, milliseid andmeid ja millisel eesm\u00e4rgil kogutakse. \u00a0Andmeid t\u00f6\u00f6deldakse koosk\u00f5las kehtivate seadustega ning isikuandmete t\u00f6\u00f6tlemisel l\u00e4htume alati Sinu huvidest, \u00f5igustest ja vabadustest.<\/span><\/p><p><span style=\"font-weight: 400;\">Isikuandmete t\u00f6\u00f6tlemine toimub viisil, mis tagab isikuandmete asjakohase turvalisuse, sealhulgas kaitseb loata v\u00f5i ebaseadusliku t\u00f6\u00f6tlemise eest ning juhusliku kaotamise, h\u00e4vitamise v\u00f5i kahjustumise eest, kasutades m\u00f5istlikke tehnilisi v\u00f5i korralduslikke meetmeid.<\/span><\/p><p><span style=\"font-weight: 400;\">Kliendi isikuandmete vastutav t\u00f6\u00f6tleja on Balthansa Bureau O\u00dc, registrikoodiga 11136903, J. Vilmsi tn 47, 10115<\/span>\u00a0Tallinn.<\/p><p>\u00a0<\/p><h2><b>Isikuandmete t\u00f6\u00f6tlemise eesm\u00e4rgid<\/b><\/h2><p>\u00a0<\/p><p><span style=\"font-weight: 400;\">Isikuandmete t\u00f6\u00f6tlemise eesm\u00e4rgiks on ettev\u00f5tte poolt kogutavate isikuandmete anal\u00fc\u00fcsimine ning l\u00e4bi selle ettev\u00f5tte poolt pakutavate teenuste kasutamise lihtsustamine. Lisaks aitab andmete kogumine pakkuda kasutajale personaalsemat ning kohandatud veebilehe sisu.<\/span><\/p><h2>\u00a0<\/h2><h2><b>Isikuandmete jagamine ja edastamine<\/b><\/h2><p>\u00a0<\/p><p><span style=\"font-weight: 400;\">Sinu isikuandmeid ei edastata kolmandatele isikutele, v.a:<\/span><\/p><ul><li style=\"font-weight: 400;\"><span style=\"font-weight: 400;\">E-kirjade edastusteenuse pakkuja, juhtudel kui Teile edastatakse turundusmaterjale ja pakkumisi;<\/span><\/li><li style=\"font-weight: 400;\"><span style=\"font-weight: 400;\">Veebikeskkonna arendajale osas, milles see on vajalik selle t\u00f5rgeteta toimimise tagamiseks;<\/span><\/li><li style=\"font-weight: 400;\"><span style=\"font-weight: 400;\">Kolmandate osapooltega, kellega ettev\u00f5tte koost\u00f6\u00f6d teeb. Kui Sinu isikuandmeid otsustatakse jagada ettev\u00f5tte partneritega, t\u00f6\u00f6deldakse neid andmeid vastavalt isikuandmete t\u00f6\u00f6tlemise juhistele ning \u00fcksnes nendel eesm\u00e4rkidel, mis on koosk\u00f5las ettev\u00f5tte andmekogumise eesm\u00e4rkidega;<\/span><\/li><li style=\"font-weight: 400;\"><span style=\"font-weight: 400;\">Juriidilistel p\u00f5hjustel riigiasutustele (nt politseile ja maksuametile).<\/span><\/li><\/ul><p><span style=\"font-weight: 400;\">Eelnimetatud juhtudel t\u00f6\u00f6tlevad partnerid saadud andmeid s\u00f5ltumatute isikuandmehalduritena l\u00e4htuvalt oma privaatsuspoliitikast ja juhistest.<\/span><\/p><h2>\u00a0<\/h2><h2><b>Isikuandmete talletamine<\/b><\/h2><p>\u00a0<\/p><p><span style=\"font-weight: 400;\">Andmete t\u00f6\u00f6tlemine on koosk\u00f5las juriidiliste n\u00f5uetega, s.t isikuandmeid ei s\u00e4ilitada kauem, kui t\u00f6\u00f6tlemiseks on vaja. See t\u00e4hendab, et andmed kustutatakse kohe, kui neid pole enam otstarbeks, milleks neid koguti, vaja, v\u00f5i pole need enam asjakohased. Isikuandmete k\u00e4sitsemisel j\u00e4rgitakse alati k\u00f5rgel tasemel turvalisuse ja konfidentsiaalsuse n\u00f5udeid.<\/span><\/p><h2>\u00a0<\/h2><h2><b>Kliendi \u00f5igused isikuandmete t\u00f6\u00f6tlemisel<\/b><\/h2><p>\u00a0<\/p><p><span style=\"font-weight: 400;\">Kliendil on seoses oma isikuandmetega kasutada seadusest tulenevaid \u00f5iguseid:<\/span><\/p><ul><li style=\"font-weight: 400;\"><span style=\"font-weight: 400;\">Taotleda juurdep\u00e4\u00e4su enda kohta k\u00e4ivatele isikuandmetele;<\/span><\/li><li style=\"font-weight: 400;\"><span style=\"font-weight: 400;\">N\u00f5uda andmete parandamist;<\/span><\/li><li style=\"font-weight: 400;\"><span style=\"font-weight: 400;\">N\u00f5uda andmete kustutamist;<\/span><\/li><li style=\"font-weight: 400;\"><span style=\"font-weight: 400;\">Piirata isikuandmete t\u00f6\u00f6tlemist;<\/span><\/li><li style=\"font-weight: 400;\"><span style=\"font-weight: 400;\">Esitada vastuv\u00e4iteid isikuandmete t\u00f6\u00f6tlemisele;<\/span><\/li><li style=\"font-weight: 400;\"><span style=\"font-weight: 400;\">N\u00f5uda isikuandmete \u00fclekandmist;<\/span><\/li><li style=\"font-weight: 400;\"><span style=\"font-weight: 400;\">N\u00f5usoleku tagasiv\u00f5tmisele;<\/span><\/li><li style=\"font-weight: 400;\"><span style=\"font-weight: 400;\">Esitada vastuv\u00e4iteid isikuandmete t\u00f6\u00f6tlemisele otseturunduse eesm\u00e4rkidel (sh isikuandmete anal\u00fc\u00fcsi \u00a0ehk n-\u00f6 profileerimist);<\/span><\/li><li style=\"font-weight: 400;\"><span style=\"font-weight: 400;\">Loobuda uudiskirjadest\/personaalsetest pakkumistest.<\/span><\/li><\/ul><h1>\u00a0<\/h1><h1><b>K\u00fcpsiste kasutamise p\u00f5him\u00f5tted\u00a0<\/b><\/h1><p>\u00a0<\/p><h2><b>Teave k\u00fcpsiste kohta<\/b><\/h2><p>\u00a0<\/p><p><span style=\"font-weight: 400;\">Meie veebilehel viibides v\u00f5idakse koguda Sinu kohta isikuandmeid, mille k\u00e4igus kogutud teave lehe kasutamise ja k\u00fclastatud lehtede kohta salvestatakse. Kogutav teave v\u00f5ib puudutada tehnilisi andmeid Sinu seadme ja Interneti-\u00fchenduse kohta (nt kasutatav operatsioonis\u00fcsteem, brauseri versioon, IP-aadress, k\u00fcpsised ja kordumatud ID-d).<\/span><\/p><p><span style=\"font-weight: 400;\">K\u00fcpsised on v\u00e4iksemahulised tekstifailid, mis salvestatakse meie veebilehte k\u00fclastades brauseri poolt Sinu arvutisse v\u00f5i seadmesse, eesm\u00e4rgiga Sinu veebilehe kogemust parandada, hinnata sisu kasutamist ja toetada enda teenuste turundamist. K\u00fcpsised v\u00f5imaldavad j\u00e4lgida veebilehe kasutusstatistikat ning muid veebilehel tehtavaid toiminguid. \u00a0K\u00fcpsised on olulised meie veebiteenuse lihtsamaks ja mugavamaks muutmisel ning teile parema teenuse pakkumiseks. K\u00fcpsised ei ole ohtlikud ja ei kahjusta arvutit ega faile.<\/span><\/p><h2>\u00a0<\/h2><h2><b>K\u00fcpsiste kasutamise eesm\u00e4rgid<\/b><\/h2><p>\u00a0<\/p><p><span style=\"font-weight: 400;\">Veebileht kasutab konkreetseid k\u00fcpsiseid eesm\u00e4rgiga anda Teile parim v\u00f5imalik kasutuskogemus ja tagada, et veebisait t\u00f6\u00f6taks efektiivselt. Me kasutame ainult neid k\u00fcpsiseid, mida peame vajalikuks ja kasulikuks.<\/span><\/p><p><span style=\"font-weight: 400;\">K\u00fcpsised aitavad:<\/span><\/p><ul><li style=\"font-weight: 400;\"><span style=\"font-weight: 400;\">M\u00e4letada Sinu seadistusi ja eelistusi;<\/span><\/li><li style=\"font-weight: 400;\"><span style=\"font-weight: 400;\">Parandada veebilehe kiirust ja turvalisust;<\/span><\/li><li style=\"font-weight: 400;\"><span style=\"font-weight: 400;\">Lehte isikustada ja infot kiiremini leida;<\/span><\/li><li style=\"font-weight: 400;\"><span style=\"font-weight: 400;\">Plaanida veebilehe parandusi ja arendusi;<\/span><\/li><li style=\"font-weight: 400;\"><span style=\"font-weight: 400;\">Pakkumisi ja turundusteateid Sinu vajadustele sobivamaks muuta.<\/span><\/li><\/ul><h2>\u00a0<\/h2><h2><b>K\u00fcpsiste t\u00fc\u00fcbid ja liigitamine<\/b><\/h2><p>\u00a0<\/p><p><span style=\"font-weight: 400;\">Me kasutame nii esimese kui ka kolmanda osapoole k\u00fcpsiseid, mis samal ajal v\u00f5ivad olla ka seansi v\u00f5i p\u00fcsik\u00fcpsised.<\/span><\/p><ul><li style=\"font-weight: 400;\"><span style=\"font-weight: 400;\"><strong>Ajutised ehk sessioonik\u00fcpsised<\/strong> salvestatakse Sinu arvutisse \u00fcksnes ajaks, mil Te konkreetset veebilehitsejat kasutate ning kustutatakse p\u00e4rast veebilehitseja sulgemist. Ajutisi k\u00fcpsiseid kasutatakse tavaliselt selleks, et pakkuda arvutikasutajale mugavamat veebilehitseja kasutamise v\u00f5imalust.<\/span><\/li><li style=\"font-weight: 400;\"><span style=\"font-weight: 400;\"><strong>P\u00fcsik\u00fcpsised<\/strong> &#8211; salvestavad Sinu eelistused v\u00f5i tegevused. V\u00f5imaldavad veebilehel meelde j\u00e4tta Kasutaja poolt tehtud varasemaid valikud (n\u00e4iteks kasutajanimi, keelevalik jne) ning seel\u00e4bi pakkuda t\u00f5husamaid ja isikup\u00e4rasemaid funktsioone.<\/span><\/li><\/ul><p><span style=\"font-weight: 400;\">Sessioonik\u00fcpsistega v\u00f5rreldes on neil pikem t\u00f6\u00f6iga ja need kehtivad igale konkreetsele k\u00fcpsisele etteantud t\u00e4htaja piires. P\u00fcsik\u00fcpsised ei kustu lehitseja sulgemisel ja salvestatakse Sinu seadmes.<\/span><\/p><p><span style=\"font-weight: 400;\">Esimese osapoole k\u00fcpsised on k\u00fcpsised, mille paigaldame kodulehele meie ning mille abil on v\u00f5imalik salvestada teavet, mida taaskasutatakse j\u00e4rgmisel korral, kui Te veebilehte k\u00fclastate.<\/span><\/p><p><span style=\"font-weight: 400;\">Kolmanda osapoole k\u00fcpsised on k\u00fcpsised, mis on loodud kolmandate osapoolte poolt ning mida meie kasutame anal\u00fc\u00fctilisel eesm\u00e4rgil. Me kasutame saadud teavet veebilehe funktsionaalsuse raportite koostamiseks ning veebilehe t\u00f5husamaks muutmiseks.<\/span><\/p><p><span style=\"font-weight: 400;\">K\u00fcpsised liigituvad omakorda j\u00e4rgmiselt:<\/span><\/p><ul><li style=\"font-weight: 400;\"><span style=\"font-weight: 400;\"><strong>Rangelt vajalikud k\u00fcpsised<\/strong> \u00a0&#8211; need v\u00f5imaldavad kasutada veebilehe funktsioone ja m\u00e4letada vormidesse sisestatud teavet ka siis, kui kasutaja liigub sessiooni ajal muudel alalehtedel. Ilma rangelt vajalike k\u00fcpsisteta pole kindla veebilehe teenused v\u00f5imalikud. Rangelt vajalikud k\u00fcpsised ei kogu turunduslikul eesm\u00e4rgil teavet ega j\u00e4ta meelde, milliseid lehti internetis vaadatakse;<\/span><\/li><li style=\"font-weight: 400;\"><span style=\"font-weight: 400;\"><strong>J\u00f5udlusk\u00fcpsised<\/strong> &#8211; koguvad teavet veebilehe kasutuse kohta ja nende abil saab parandada veebilehe t\u00f6\u00f6tamisviisi. J\u00f5udlusk\u00fcpsised n\u00e4itavad, milliseid lehti k\u00fclastati k\u00f5ige sagedamini, millised olid veebilehe k\u00fclastamisel tekkinud raskused ning, kas veebilehe reklaam toimib v\u00f5i mitte. J\u00f5udlusk\u00fcpsised ei kogu teavet isiku kohta ja kogutud teave on anon\u00fc\u00fcmne;<\/span><\/li><li style=\"font-weight: 400;\"><span style=\"font-weight: 400;\"><strong>Funktsionaalsusk\u00fcpsised<\/strong> \u00a0&#8211; need k\u00fcpsised m\u00e4letavad Sinu valikuid ning pakuvad t\u00e4iustatud ja isiklikumaid funktsioone. Lisaks m\u00e4letavad nad tehtud muudatusi, aga ei salvesta tegevusi kolmandatel veebilehtedel;<\/span><\/li><li style=\"font-weight: 400;\"><span style=\"font-weight: 400;\"><strong>Sihip\u00e4rased k\u00fcpsised\/reklaamk\u00fcpsised<\/strong> \u2013 neid kasutatakse selleks, et edastada Sinu huvidega sobivaid reklaame ja piirata reklaami n\u00e4gemise kordade arvu. Reklaamk\u00fcpsised koguvad andmeid Kasutaja sirvimisharjumuste kohta, mis omakorda v\u00f5imaldab veebilehel esitada Kasutaja eelistustega koosk\u00f5las olevat reklaamisisu. Lisaks v\u00f5imaldab vastav k\u00fcpsiseliik m\u00f5\u00f5ta reklaamikampaania t\u00f5husust.<\/span><\/li><\/ul><h2>\u00a0<\/h2><h2><b>Kolmandate osapoolte funktsioonid<\/b><\/h2><p>\u00a0<\/p><p><span style=\"font-weight: 400;\">N\u00e4iteks Facebook, Twitter ja Google v\u00f5ivad kasutada oma k\u00fcpsiseid v\u00f5i muid meetodeid, et koguda teavet meie veebilehe sisu kohta, mida olete k\u00fclastanud. Nad kasutavad sedalaadi teavet selleks, et pakkuda kasutusstatistika anal\u00fc\u00fcse ja reklaame Teid huvitavatel teemadel.<\/span><\/p><p><span style=\"font-weight: 400;\">Me ei p\u00e4\u00e4se ligi ega kontrolli neid k\u00fcpsiseid, mille on meie lehele paigaldanud kolmandad pooled \u2014 nende k\u00fcpsiste kasutamine kuulub paigaldajate privaatsuspoliitika alla. Selleks soovitame Teil eraldi tutvuda k\u00f5igi kolmandate poolte privaatsuspoliitikaga.<\/span><\/p><h2>\u00a0<\/h2><h2><b>Veebilehel kasutatavad k\u00fcpsised<\/b><\/h2><p>\u00a0<\/p><p>Veebilehel kasutame j\u00e4rgnevaid kasutaja andmeid sisaldavaid k\u00fcpsiseid:<\/p><ul><li>Kasutaja privaatsus- ja kasutustingimustega n\u00f5usoleku staatus;<\/li><li>Google Analytics s\u00fcsteemiga seonduvad k\u00fcpsised;<\/li><li>Kasutaja keele eelistus.<\/li><\/ul><h2>\u00a0<\/h2><h2><b>K\u00fcpsiste haldamine ja kustutamine<\/b><\/h2><p>\u00a0<\/p><p><span style=\"font-weight: 400;\">Kui soovite kasutada meie veebilehe k\u00f5iki v\u00f5imalusi, peate k\u00fcpsiste kasutamiseks loa andma. \u00a0<\/span><\/p><p><span style=\"font-weight: 400;\">Vastasel juhul on Teil \u00f5igus keelduda k\u00fcpsiste salvestamisest arvutisse, mida saate teha enda veebilehitseja seadetest. K\u00fcpsiste blokeerimisel peate arvestama, et k\u00f5ik veebilehe funktsioonid ei pruugi p\u00e4rast k\u00fcpsiste blokeerimist enam k\u00e4ttesaadavad olla ning me ei saa garanteerida veebilehe korrektset k\u00e4itumist.<\/span><\/p><p><span style=\"font-weight: 400;\">Me ei kasuta Sinu andmeid mingil muul kui k\u00e4esolevas dokumendis nimetatud otstarbel. Tingimuste muutumisel anname Teile sellest teada ning k\u00fcsime Sinu k\u00e4est uuesti n\u00f5usolekut.<\/span><\/p><p><span style=\"font-weight: 400;\">Kui soovite kasutada meie veebilehe k\u00f5iki v\u00f5imalusi, peate k\u00fcpsiste kasutamiseks loa andma. Vastasel juhul on Teil \u00f5igus keelduda k\u00fcpsiste salvestamisest arvutisse, mida saate teha enda veebilehitseja seadetest. K\u00fcpsiste blokeerimisel peate arvestama, et k\u00f5ik veebilehe funktsioonid ei pruugi p\u00e4rast k\u00fcpsiste blokeerimist enam k\u00e4ttesaadavad olla ning me ei saa garanteerida veebilehe korrektset k\u00e4itumist. Me ei kasuta Teie andmeid mingil muul kui k\u00e4esolevas dokumendis nimetatud otstarbel. Tingimuste muutumisel anname Teile sellest teada ning k\u00fcsime Teie k\u00e4est uuesti n\u00f5usolekut. Juhul, kui olete meie veebilehe kasutustingimustega n\u00f5ustunud, kuid soovite oma n\u00f5usoleku tagasi v\u00f5tta, palun v\u00f5tke meiega \u00fchendust\u00a0<a href=\"mailto:info@balthansa.ee\">info@balthansa.ee<\/a> ning edastage meile tunnus, mille abil saame teid tuvastada. Teie unikaalne ID\u00a0&#8211; <\/span><\/p><p style=\"text-align: right;\"><i><span style=\"font-weight: 400;\">Viimati muudetud 19.10.2021<\/span><\/i><\/p>\t\t\t\t\t\t<\/div>\n\t\t\t\t<\/div>\n\t\t\t\t\t<\/div>\n\t\t<\/div>\n\t\t\t\t\t<\/div>\n\t\t<\/section>\n\t\t\t\t<\/div>\n\t\t","protected":false},"excerpt":{"rendered":"<p>Kliendiandmete privaatsuspoliitika \u00a0 Andmete t\u00f6\u00f6tlemise p\u00f5him\u00f5tted \u00a0 Sinu isikuandmete vastutustundlik kaitsmine on meie jaoks oluline. Isikuandmete t\u00f6\u00f6tlemise poliitikas kirjeldatakse, milliseid andmeid ja millisel eesm\u00e4rgil kogutakse. \u00a0Andmeid t\u00f6\u00f6deldakse koosk\u00f5las kehtivate seadustega ning isikuandmete t\u00f6\u00f6tlemisel l\u00e4htume alati Sinu huvidest, \u00f5igustest ja vabadustest&#8230;.<\/p>\n","protected":false},"author":1,"featured_media":0,"parent":0,"menu_order":0,"comment_status":"closed","ping_status":"closed","template":"","meta":{"footnotes":""},"yoast_head":"<!-- This site is optimized with the Yoast SEO plugin v22.8 - https:\/\/yoast.com\/wordpress\/plugins\/seo\/ -->\n<title>Privaatsus- ja kasutustingimused - Balthansa Bureau<\/title>\n<meta name=\"robots\" content=\"noindex, follow, max-snippet:-1, max-image-preview:large, max-video-preview:-1\" \/>\n<meta property=\"og:locale\" content=\"et_EE\" \/>\n<meta property=\"og:type\" content=\"article\" \/>\n<meta property=\"og:title\" content=\"Privaatsus- ja kasutustingimused - Balthansa Bureau\" \/>\n<meta property=\"og:description\" content=\"Kliendiandmete privaatsuspoliitika \u00a0 Andmete t\u00f6\u00f6tlemise p\u00f5him\u00f5tted \u00a0 Sinu isikuandmete vastutustundlik kaitsmine on meie jaoks oluline. Isikuandmete t\u00f6\u00f6tlemise poliitikas kirjeldatakse, milliseid andmeid ja millisel eesm\u00e4rgil kogutakse. \u00a0Andmeid t\u00f6\u00f6deldakse koosk\u00f5las kehtivate seadustega ning isikuandmete t\u00f6\u00f6tlemisel l\u00e4htume alati Sinu huvidest, \u00f5igustest ja vabadustest....\" \/>\n<meta property=\"og:url\" content=\"https:\/\/balthansa.ee\/ru\/pravila-ispolzovaniya-lichnyh-dannyh\/\" \/>\n<meta property=\"og:site_name\" content=\"Balthansa Bureau\" \/>\n<meta property=\"article:modified_time\" content=\"2021-10-19T19:42:48+00:00\" \/>\n<meta name=\"twitter:card\" content=\"summary_large_image\" \/>\n<meta name=\"twitter:label1\" content=\"Est. reading time\" \/>\n\t<meta name=\"twitter:data1\" content=\"5 minutit\" \/>\n<script type=\"application\/ld+json\" class=\"yoast-schema-graph\">{\"@context\":\"https:\/\/schema.org\",\"@graph\":[{\"@type\":\"WebPage\",\"@id\":\"https:\/\/balthansa.ee\/ru\/pravila-ispolzovaniya-lichnyh-dannyh\/\",\"url\":\"https:\/\/balthansa.ee\/ru\/pravila-ispolzovaniya-lichnyh-dannyh\/\",\"name\":\"Privaatsus- ja kasutustingimused - Balthansa Bureau\",\"isPartOf\":{\"@id\":\"https:\/\/balthansa.ee\/ru\/#website\"},\"datePublished\":\"2021-10-19T11:42:53+00:00\",\"dateModified\":\"2021-10-19T19:42:48+00:00\",\"inLanguage\":\"et\",\"potentialAction\":[{\"@type\":\"ReadAction\",\"target\":[\"https:\/\/balthansa.ee\/ru\/pravila-ispolzovaniya-lichnyh-dannyh\/\"]}]},{\"@type\":\"WebSite\",\"@id\":\"https:\/\/balthansa.ee\/ru\/#website\",\"url\":\"https:\/\/balthansa.ee\/ru\/\",\"name\":\"Balthansa Bureau\",\"description\":\"\",\"potentialAction\":[{\"@type\":\"SearchAction\",\"target\":{\"@type\":\"EntryPoint\",\"urlTemplate\":\"https:\/\/balthansa.ee\/ru\/?s={search_term_string}\"},\"query-input\":\"required name=search_term_string\"}],\"inLanguage\":\"et\"}]}<\/script>\n<!-- \/ Yoast SEO plugin. -->","yoast_head_json":{"title":"Privaatsus- ja kasutustingimused - Balthansa Bureau","robots":{"index":"noindex","follow":"follow","max-snippet":"max-snippet:-1","max-image-preview":"max-image-preview:large","max-video-preview":"max-video-preview:-1"},"og_locale":"et_EE","og_type":"article","og_title":"Privaatsus- ja kasutustingimused - Balthansa Bureau","og_description":"Kliendiandmete privaatsuspoliitika \u00a0 Andmete t\u00f6\u00f6tlemise p\u00f5him\u00f5tted \u00a0 Sinu isikuandmete vastutustundlik kaitsmine on meie jaoks oluline. Isikuandmete t\u00f6\u00f6tlemise poliitikas kirjeldatakse, milliseid andmeid ja millisel eesm\u00e4rgil kogutakse. \u00a0Andmeid t\u00f6\u00f6deldakse koosk\u00f5las kehtivate seadustega ning isikuandmete t\u00f6\u00f6tlemisel l\u00e4htume alati Sinu huvidest, \u00f5igustest ja vabadustest....","og_url":"https:\/\/balthansa.ee\/ru\/pravila-ispolzovaniya-lichnyh-dannyh\/","og_site_name":"Balthansa Bureau","article_modified_time":"2021-10-19T19:42:48+00:00","twitter_card":"summary_large_image","twitter_misc":{"Est. reading time":"5 minutit"},"schema":{"@context":"https:\/\/schema.org","@graph":[{"@type":"WebPage","@id":"https:\/\/balthansa.ee\/ru\/pravila-ispolzovaniya-lichnyh-dannyh\/","url":"https:\/\/balthansa.ee\/ru\/pravila-ispolzovaniya-lichnyh-dannyh\/","name":"Privaatsus- ja kasutustingimused - Balthansa Bureau","isPartOf":{"@id":"https:\/\/balthansa.ee\/ru\/#website"},"datePublished":"2021-10-19T11:42:53+00:00","dateModified":"2021-10-19T19:42:48+00:00","inLanguage":"et","potentialAction":[{"@type":"ReadAction","target":["https:\/\/balthansa.ee\/ru\/pravila-ispolzovaniya-lichnyh-dannyh\/"]}]},{"@type":"WebSite","@id":"https:\/\/balthansa.ee\/ru\/#website","url":"https:\/\/balthansa.ee\/ru\/","name":"Balthansa Bureau","description":"","potentialAction":[{"@type":"SearchAction","target":{"@type":"EntryPoint","urlTemplate":"https:\/\/balthansa.ee\/ru\/?s={search_term_string}"},"query-input":"required name=search_term_string"}],"inLanguage":"et"}]}},"jetpack_sharing_enabled":true,"_links":{"self":[{"href":"https:\/\/balthansa.ee\/et\/wp-json\/wp\/v2\/pages\/14858"}],"collection":[{"href":"https:\/\/balthansa.ee\/et\/wp-json\/wp\/v2\/pages"}],"about":[{"href":"https:\/\/balthansa.ee\/et\/wp-json\/wp\/v2\/types\/page"}],"author":[{"embeddable":true,"href":"https:\/\/balthansa.ee\/et\/wp-json\/wp\/v2\/users\/1"}],"replies":[{"embeddable":true,"href":"https:\/\/balthansa.ee\/et\/wp-json\/wp\/v2\/comments?post=14858"}],"version-history":[{"count":13,"href":"https:\/\/balthansa.ee\/et\/wp-json\/wp\/v2\/pages\/14858\/revisions"}],"predecessor-version":[{"id":14891,"href":"https:\/\/balthansa.ee\/et\/wp-json\/wp\/v2\/pages\/14858\/revisions\/14891"}],"wp:attachment":[{"href":"https:\/\/balthansa.ee\/et\/wp-json\/wp\/v2\/media?parent=14858"}],"curies":[{"name":"wp","href":"https:\/\/api.w.org\/{rel}","templated":true}]}}