{"id":13838,"date":"2021-08-25T05:53:30","date_gmt":"2021-08-25T05:53:30","guid":{"rendered":"http:\/\/dobboard.beget.tech\/teenused\/"},"modified":"2021-10-22T12:42:45","modified_gmt":"2021-10-22T12:42:45","slug":"teenused","status":"publish","type":"page","link":"https:\/\/balthansa.ee\/et\/teenused\/","title":{"rendered":"Teenused"},"content":{"rendered":"\t\t<div data-elementor-type=\"wp-page\" data-elementor-id=\"13838\" class=\"elementor elementor-13838 elementor-13601\" data-elementor-post-type=\"page\">\n\t\t\t\t\t\t<section class=\"elementor-section elementor-top-section elementor-element elementor-element-f9a4362 elementor-section-boxed elementor-section-height-default elementor-section-height-default\" data-id=\"f9a4362\" data-element_type=\"section\" data-settings=\"{&quot;background_background&quot;:&quot;classic&quot;}\">\n\t\t\t\t\t\t<div class=\"elementor-container elementor-column-gap-default\">\n\t\t\t\t\t<div class=\"elementor-column elementor-col-100 elementor-top-column elementor-element elementor-element-089d258\" data-id=\"089d258\" data-element_type=\"column\">\n\t\t\t<div class=\"elementor-widget-wrap elementor-element-populated\">\n\t\t\t\t\t\t<div class=\"elementor-element elementor-element-fd8974e itemport elementor-grid-3 elementor-grid-tablet-2 elementor-grid-mobile-1 elementor-widget elementor-widget-portfolio\" data-id=\"fd8974e\" data-element_type=\"widget\" data-settings=\"{&quot;item_ratio&quot;:{&quot;unit&quot;:&quot;px&quot;,&quot;size&quot;:0.92,&quot;sizes&quot;:[]},&quot;row_gap&quot;:{&quot;unit&quot;:&quot;px&quot;,&quot;size&quot;:20,&quot;sizes&quot;:[]},&quot;motion_fx_motion_fx_mouse&quot;:&quot;yes&quot;,&quot;columns&quot;:&quot;3&quot;,&quot;columns_tablet&quot;:&quot;2&quot;,&quot;columns_mobile&quot;:&quot;1&quot;,&quot;item_gap&quot;:{&quot;unit&quot;:&quot;px&quot;,&quot;size&quot;:&quot;&quot;,&quot;sizes&quot;:[]}}\" data-widget_type=\"portfolio.default\">\n\t\t\t\t<div class=\"elementor-widget-container\">\n\t\t\t<link rel=\"stylesheet\" href=\"https:\/\/balthansa.ee\/wp-content\/plugins\/elementor-pro\/assets\/css\/widget-posts.min.css\">\t\t<ul class=\"elementor-portfolio__filters\">\n\t\t\t<li class=\"elementor-portfolio__filter elementor-active\" tabindex=\"0\" data-filter=\"__all\">K\u00f5ik<\/li>\n\t\t\t\t\t\t\t<li class=\"elementor-portfolio__filter\" tabindex=\"0\" data-filter=\"38\">Ettev\u00f5tluse toetamine Eestis<\/li>\n\t\t\t\t\t\t\t<li class=\"elementor-portfolio__filter\" tabindex=\"0\" data-filter=\"42\">Kindlustus<\/li>\n\t\t\t\t\t\t\t<li class=\"elementor-portfolio__filter\" tabindex=\"0\" data-filter=\"40\">Kr\u00fcptokonsultatsioonid<\/li>\n\t\t\t\t\t\t\t<li class=\"elementor-portfolio__filter\" tabindex=\"0\" data-filter=\"46\">Litsentseerimine<\/li>\n\t\t\t\t\t\t\t<li class=\"elementor-portfolio__filter\" tabindex=\"0\" data-filter=\"44\">\u00d5igusteenused<\/li>\n\t\t\t\t\t<\/ul>\n\t\t\t\t<div class=\"elementor-portfolio elementor-grid elementor-posts-container\">\n\t\t\t\t<article class=\"elementor-portfolio-item elementor-post elementor-filter-38 post-14016 portfolio type-portfolio status-publish hentry portfolio-types-ettevotluse-toetamine-eestis\">\n\t\t\t<a class=\"elementor-post__thumbnail__link\" href=\"https:\/\/balthansa.ee\/et\/portfolio-item\/pangakontode-avamine\/\">\n\t\t\t\t<div class=\"elementor-portfolio-item__img elementor-post__thumbnail\">\n\t\t\t\t\t<\/div>\n\t\t\t\t<div class=\"elementor-portfolio-item__overlay\">\n\t\t\t\t<h3 class=\"elementor-portfolio-item__title\">\n\t\tPangakontode avamine\t\t<\/h3>\n\t\t\t\t<\/div>\n\t\t\t\t<\/a>\n\t\t<\/article>\n\t\t\t\t<article class=\"elementor-portfolio-item elementor-post elementor-filter-38 post-13970 portfolio type-portfolio status-publish hentry portfolio-types-ettevotluse-toetamine-eestis\">\n\t\t\t<a class=\"elementor-post__thumbnail__link\" href=\"https:\/\/balthansa.ee\/et\/portfolio-item\/juriidiliste-isikute-registreerimine\/\">\n\t\t\t\t<div class=\"elementor-portfolio-item__img elementor-post__thumbnail\">\n\t\t\t\t\t<\/div>\n\t\t\t\t<div class=\"elementor-portfolio-item__overlay\">\n\t\t\t\t<h3 class=\"elementor-portfolio-item__title\">\n\t\tJuriidiliste isikute registreerimine\t\t<\/h3>\n\t\t\t\t<\/div>\n\t\t\t\t<\/a>\n\t\t<\/article>\n\t\t\t\t<article class=\"elementor-portfolio-item elementor-post elementor-filter-46 post-13917 portfolio type-portfolio status-publish hentry portfolio-types-litsentseerimine\">\n\t\t\t<a class=\"elementor-post__thumbnail__link\" href=\"https:\/\/balthansa.ee\/et\/portfolio-item\/abi-eesti-riigiasutuste-poolt-valjastatud-litsentside-sealhulgas-virtuaalvaluutateenuste-osutamise-litsentsi-saamisel\/\">\n\t\t\t\t<div class=\"elementor-portfolio-item__img elementor-post__thumbnail\">\n\t\t\t\t\t<\/div>\n\t\t\t\t<div class=\"elementor-portfolio-item__overlay\">\n\t\t\t\t<h3 class=\"elementor-portfolio-item__title\">\n\t\tAbi Eesti riigiasutuste poolt v\u00e4ljastatud litsentside, sealhulgas virtuaalvaluutateenuste osutamise litsentsi saamisel\t\t<\/h3>\n\t\t\t\t<\/div>\n\t\t\t\t<\/a>\n\t\t<\/article>\n\t\t\t\t<article class=\"elementor-portfolio-item elementor-post elementor-filter-40 post-13915 portfolio type-portfolio status-publish hentry portfolio-types-kruptokonsultatsioonid\">\n\t\t\t<a class=\"elementor-post__thumbnail__link\" href=\"https:\/\/balthansa.ee\/et\/portfolio-item\/aml-ctf-menetluste-valjatootamine-ja-rakendamine\/\">\n\t\t\t\t<div class=\"elementor-portfolio-item__img elementor-post__thumbnail\">\n\t\t\t\t\t<\/div>\n\t\t\t\t<div class=\"elementor-portfolio-item__overlay\">\n\t\t\t\t<h3 class=\"elementor-portfolio-item__title\">\n\t\tAML\/CTF menetluste v\u00e4ljat\u00f6\u00f6tamine ja rakendamine\t\t<\/h3>\n\t\t\t\t<\/div>\n\t\t\t\t<\/a>\n\t\t<\/article>\n\t\t\t\t<article class=\"elementor-portfolio-item elementor-post elementor-filter-40 post-13913 portfolio type-portfolio status-publish hentry portfolio-types-kruptokonsultatsioonid\">\n\t\t\t<a class=\"elementor-post__thumbnail__link\" href=\"https:\/\/balthansa.ee\/et\/portfolio-item\/noustamine-seoses-kyc-aml-ametnike-koolitusega\/\">\n\t\t\t\t<div class=\"elementor-portfolio-item__img elementor-post__thumbnail\">\n\t\t\t\t\t<\/div>\n\t\t\t\t<div class=\"elementor-portfolio-item__overlay\">\n\t\t\t\t<h3 class=\"elementor-portfolio-item__title\">\n\t\tN\u00f5ustamine seoses KYC\/AML-ametnike koolitusega\t\t<\/h3>\n\t\t\t\t<\/div>\n\t\t\t\t<\/a>\n\t\t<\/article>\n\t\t\t\t<article class=\"elementor-portfolio-item elementor-post elementor-filter-42 post-13911 portfolio type-portfolio status-publish hentry portfolio-types-kindlustus\">\n\t\t\t<a class=\"elementor-post__thumbnail__link\" href=\"https:\/\/balthansa.ee\/et\/portfolio-item\/kindlustusnoustamine-ja-abi-kindlustusjuhtumite-korral\/\">\n\t\t\t\t<div class=\"elementor-portfolio-item__img elementor-post__thumbnail\">\n\t\t\t\t\t<\/div>\n\t\t\t\t<div class=\"elementor-portfolio-item__overlay\">\n\t\t\t\t<h3 class=\"elementor-portfolio-item__title\">\n\t\tKindlustusn\u00f5ustamine ja abi kindlustusjuhtumite korral\t\t<\/h3>\n\t\t\t\t<\/div>\n\t\t\t\t<\/a>\n\t\t<\/article>\n\t\t\t\t<article class=\"elementor-portfolio-item elementor-post elementor-filter-44 post-13909 portfolio type-portfolio status-publish hentry portfolio-types-oigusteenused\">\n\t\t\t<a class=\"elementor-post__thumbnail__link\" href=\"https:\/\/balthansa.ee\/et\/portfolio-item\/oigusabi-kuriteoohvritele-ja-esindamine-kriminaalmenetluses\/\">\n\t\t\t\t<div class=\"elementor-portfolio-item__img elementor-post__thumbnail\">\n\t\t\t\t\t<\/div>\n\t\t\t\t<div class=\"elementor-portfolio-item__overlay\">\n\t\t\t\t<h3 class=\"elementor-portfolio-item__title\">\n\t\t\u00d5igusabi kuriteoohvritele ja esindamine kriminaalmenetluses\t\t<\/h3>\n\t\t\t\t<\/div>\n\t\t\t\t<\/a>\n\t\t<\/article>\n\t\t\t\t<article class=\"elementor-portfolio-item elementor-post elementor-filter-44 post-13907 portfolio type-portfolio status-publish hentry portfolio-types-oigusteenused\">\n\t\t\t<a class=\"elementor-post__thumbnail__link\" href=\"https:\/\/balthansa.ee\/et\/portfolio-item\/lepitusmenetlus-osalemine-labiraakimistel\/\">\n\t\t\t\t<div class=\"elementor-portfolio-item__img elementor-post__thumbnail\">\n\t\t\t\t\t<\/div>\n\t\t\t\t<div class=\"elementor-portfolio-item__overlay\">\n\t\t\t\t<h3 class=\"elementor-portfolio-item__title\">\n\t\tLepitusmenetlus, osalemine l\u00e4bir\u00e4\u00e4kimistel\t\t<\/h3>\n\t\t\t\t<\/div>\n\t\t\t\t<\/a>\n\t\t<\/article>\n\t\t\t\t<article class=\"elementor-portfolio-item elementor-post elementor-filter-44 post-13905 portfolio type-portfolio status-publish hentry portfolio-types-oigusteenused\">\n\t\t\t<a class=\"elementor-post__thumbnail__link\" href=\"https:\/\/balthansa.ee\/et\/portfolio-item\/lepingute-koostamine\/\">\n\t\t\t\t<div class=\"elementor-portfolio-item__img elementor-post__thumbnail\">\n\t\t\t\t\t<\/div>\n\t\t\t\t<div class=\"elementor-portfolio-item__overlay\">\n\t\t\t\t<h3 class=\"elementor-portfolio-item__title\">\n\t\tLepingute koostamine\t\t<\/h3>\n\t\t\t\t<\/div>\n\t\t\t\t<\/a>\n\t\t<\/article>\n\t\t\t\t<article class=\"elementor-portfolio-item elementor-post elementor-filter-44 post-13903 portfolio type-portfolio status-publish hentry portfolio-types-oigusteenused\">\n\t\t\t<a class=\"elementor-post__thumbnail__link\" href=\"https:\/\/balthansa.ee\/et\/portfolio-item\/nouete-ja-hagide-koostamine\/\">\n\t\t\t\t<div class=\"elementor-portfolio-item__img elementor-post__thumbnail\">\n\t\t\t\t\t<\/div>\n\t\t\t\t<div class=\"elementor-portfolio-item__overlay\">\n\t\t\t\t<h3 class=\"elementor-portfolio-item__title\">\n\t\tN\u00f5uete ja hagide koostamine\t\t<\/h3>\n\t\t\t\t<\/div>\n\t\t\t\t<\/a>\n\t\t<\/article>\n\t\t\t\t<article class=\"elementor-portfolio-item elementor-post elementor-filter-44 post-13901 portfolio type-portfolio status-publish hentry portfolio-types-oigusteenused\">\n\t\t\t<a class=\"elementor-post__thumbnail__link\" href=\"https:\/\/balthansa.ee\/et\/portfolio-item\/fuusiliste-ja-juriidiliste-isikute-huvide-esindamine-kaitse-erinevates-riigiasutustes\/\">\n\t\t\t\t<div class=\"elementor-portfolio-item__img elementor-post__thumbnail\">\n\t\t\t\t\t<\/div>\n\t\t\t\t<div class=\"elementor-portfolio-item__overlay\">\n\t\t\t\t<h3 class=\"elementor-portfolio-item__title\">\n\t\tF\u00fc\u00fcsiliste ja juriidiliste isikute huvide esindamine, kaitse erinevates riigiasutustes\t\t<\/h3>\n\t\t\t\t<\/div>\n\t\t\t\t<\/a>\n\t\t<\/article>\n\t\t\t\t<article class=\"elementor-portfolio-item elementor-post elementor-filter-44 post-13899 portfolio type-portfolio status-publish hentry portfolio-types-oigusteenused\">\n\t\t\t<a class=\"elementor-post__thumbnail__link\" href=\"https:\/\/balthansa.ee\/et\/portfolio-item\/dokumentide-avaldused-nouded-kaebused-ettevalmistamine-riigiasutustele-kohus-politsei-prokuratuur-maksu-ja-tolliamet-kohalik-omavalitsus-tooinspektsioon-tarbijakaitseamet-jne-esitamiseks\/\">\n\t\t\t\t<div class=\"elementor-portfolio-item__img elementor-post__thumbnail\">\n\t\t\t\t\t<\/div>\n\t\t\t\t<div class=\"elementor-portfolio-item__overlay\">\n\t\t\t\t<h3 class=\"elementor-portfolio-item__title\">\n\t\tDokumentide (avaldused, n\u00f5uded, kaebused) ettevalmistamine riigiasutustele (kohus, politsei, prokuratuur, maksu- ja tolliamet, kohalik omavalitsus, t\u00f6\u00f6inspektsioon, tarbijakaitseamet jne) esitamiseks.\t\t<\/h3>\n\t\t\t\t<\/div>\n\t\t\t\t<\/a>\n\t\t<\/article>\n\t\t\t\t<article class=\"elementor-portfolio-item elementor-post elementor-filter-38 post-13897 portfolio type-portfolio status-publish hentry portfolio-types-ettevotluse-toetamine-eestis\">\n\t\t\t<a class=\"elementor-post__thumbnail__link\" href=\"https:\/\/balthansa.ee\/et\/portfolio-item\/valmis-juriidiliste-isikute-ostmine\/\">\n\t\t\t\t<div class=\"elementor-portfolio-item__img elementor-post__thumbnail\">\n\t\t\t\t\t<\/div>\n\t\t\t\t<div class=\"elementor-portfolio-item__overlay\">\n\t\t\t\t<h3 class=\"elementor-portfolio-item__title\">\n\t\tValmis juriidiliste isikute ostmine\t\t<\/h3>\n\t\t\t\t<\/div>\n\t\t\t\t<\/a>\n\t\t<\/article>\n\t\t\t\t<article class=\"elementor-portfolio-item elementor-post elementor-filter-38 post-13895 portfolio type-portfolio status-publish hentry portfolio-types-ettevotluse-toetamine-eestis\">\n\t\t\t<a class=\"elementor-post__thumbnail__link\" href=\"https:\/\/balthansa.ee\/et\/portfolio-item\/residentide-mitteresidentide-noustamine-aritegevuse-ja-raamatupidamise-eriparade-kohta-eestis\/\">\n\t\t\t\t<div class=\"elementor-portfolio-item__img elementor-post__thumbnail\">\n\t\t\t\t\t<\/div>\n\t\t\t\t<div class=\"elementor-portfolio-item__overlay\">\n\t\t\t\t<h3 class=\"elementor-portfolio-item__title\">\n\t\tResidentide\/mitteresidentide n\u00f5ustamine \u00e4ritegevuse ja raamatupidamise erip\u00e4rade kohta Eestis\t\t<\/h3>\n\t\t\t\t<\/div>\n\t\t\t\t<\/a>\n\t\t<\/article>\n\t\t\t\t<\/div>\n\t\t\t\t<\/div>\n\t\t\t\t<\/div>\n\t\t\t\t\t<\/div>\n\t\t<\/div>\n\t\t\t\t\t<\/div>\n\t\t<\/section>\n\t\t\t\t<\/div>\n\t\t","protected":false},"excerpt":{"rendered":"","protected":false},"author":1,"featured_media":0,"parent":0,"menu_order":0,"comment_status":"closed","ping_status":"closed","template":"","meta":{"footnotes":""},"yoast_head":"<!-- This site is optimized with the Yoast SEO plugin v22.8 - https:\/\/yoast.com\/wordpress\/plugins\/seo\/ -->\n<title>Teenused - Balthansa Bureau<\/title>\n<meta name=\"robots\" content=\"noindex, follow, max-snippet:-1, max-image-preview:large, max-video-preview:-1\" \/>\n<meta property=\"og:locale\" content=\"et_EE\" \/>\n<meta property=\"og:type\" content=\"article\" \/>\n<meta property=\"og:title\" content=\"Teenused - Balthansa Bureau\" \/>\n<meta property=\"og:url\" content=\"https:\/\/balthansa.ee\/et\/teenused\/\" \/>\n<meta property=\"og:site_name\" content=\"Balthansa Bureau\" \/>\n<meta property=\"article:modified_time\" content=\"2021-10-22T12:42:45+00:00\" \/>\n<meta name=\"twitter:card\" content=\"summary_large_image\" \/>\n<meta name=\"twitter:label1\" content=\"Est. reading time\" \/>\n\t<meta name=\"twitter:data1\" content=\"1 minut\" \/>\n<script type=\"application\/ld+json\" class=\"yoast-schema-graph\">{\"@context\":\"https:\/\/schema.org\",\"@graph\":[{\"@type\":\"WebPage\",\"@id\":\"https:\/\/balthansa.ee\/et\/teenused\/\",\"url\":\"https:\/\/balthansa.ee\/et\/teenused\/\",\"name\":\"Teenused - Balthansa Bureau\",\"isPartOf\":{\"@id\":\"https:\/\/balthansa.ee\/ru\/#website\"},\"datePublished\":\"2021-08-25T05:53:30+00:00\",\"dateModified\":\"2021-10-22T12:42:45+00:00\",\"inLanguage\":\"et\",\"potentialAction\":[{\"@type\":\"ReadAction\",\"target\":[\"https:\/\/balthansa.ee\/et\/teenused\/\"]}]},{\"@type\":\"WebSite\",\"@id\":\"https:\/\/balthansa.ee\/ru\/#website\",\"url\":\"https:\/\/balthansa.ee\/ru\/\",\"name\":\"Balthansa Bureau\",\"description\":\"\",\"potentialAction\":[{\"@type\":\"SearchAction\",\"target\":{\"@type\":\"EntryPoint\",\"urlTemplate\":\"https:\/\/balthansa.ee\/ru\/?s={search_term_string}\"},\"query-input\":\"required name=search_term_string\"}],\"inLanguage\":\"et\"}]}<\/script>\n<!-- \/ Yoast SEO plugin. -->","yoast_head_json":{"title":"Teenused - Balthansa Bureau","robots":{"index":"noindex","follow":"follow","max-snippet":"max-snippet:-1","max-image-preview":"max-image-preview:large","max-video-preview":"max-video-preview:-1"},"og_locale":"et_EE","og_type":"article","og_title":"Teenused - Balthansa Bureau","og_url":"https:\/\/balthansa.ee\/et\/teenused\/","og_site_name":"Balthansa Bureau","article_modified_time":"2021-10-22T12:42:45+00:00","twitter_card":"summary_large_image","twitter_misc":{"Est. reading time":"1 minut"},"schema":{"@context":"https:\/\/schema.org","@graph":[{"@type":"WebPage","@id":"https:\/\/balthansa.ee\/et\/teenused\/","url":"https:\/\/balthansa.ee\/et\/teenused\/","name":"Teenused - Balthansa Bureau","isPartOf":{"@id":"https:\/\/balthansa.ee\/ru\/#website"},"datePublished":"2021-08-25T05:53:30+00:00","dateModified":"2021-10-22T12:42:45+00:00","inLanguage":"et","potentialAction":[{"@type":"ReadAction","target":["https:\/\/balthansa.ee\/et\/teenused\/"]}]},{"@type":"WebSite","@id":"https:\/\/balthansa.ee\/ru\/#website","url":"https:\/\/balthansa.ee\/ru\/","name":"Balthansa Bureau","description":"","potentialAction":[{"@type":"SearchAction","target":{"@type":"EntryPoint","urlTemplate":"https:\/\/balthansa.ee\/ru\/?s={search_term_string}"},"query-input":"required name=search_term_string"}],"inLanguage":"et"}]}},"jetpack_sharing_enabled":true,"_links":{"self":[{"href":"https:\/\/balthansa.ee\/et\/wp-json\/wp\/v2\/pages\/13838"}],"collection":[{"href":"https:\/\/balthansa.ee\/et\/wp-json\/wp\/v2\/pages"}],"about":[{"href":"https:\/\/balthansa.ee\/et\/wp-json\/wp\/v2\/types\/page"}],"author":[{"embeddable":true,"href":"https:\/\/balthansa.ee\/et\/wp-json\/wp\/v2\/users\/1"}],"replies":[{"embeddable":true,"href":"https:\/\/balthansa.ee\/et\/wp-json\/wp\/v2\/comments?post=13838"}],"version-history":[{"count":16,"href":"https:\/\/balthansa.ee\/et\/wp-json\/wp\/v2\/pages\/13838\/revisions"}],"predecessor-version":[{"id":15118,"href":"https:\/\/balthansa.ee\/et\/wp-json\/wp\/v2\/pages\/13838\/revisions\/15118"}],"wp:attachment":[{"href":"https:\/\/balthansa.ee\/et\/wp-json\/wp\/v2\/media?parent=13838"}],"curies":[{"name":"wp","href":"https:\/\/api.w.org\/{rel}","templated":true}]}}