{"id":13822,"date":"2021-08-25T04:58:35","date_gmt":"2021-08-25T04:58:35","guid":{"rendered":"http:\/\/dobboard.beget.tech\/meie-kohta\/"},"modified":"2021-10-19T20:00:59","modified_gmt":"2021-10-19T20:00:59","slug":"meist","status":"publish","type":"page","link":"https:\/\/balthansa.ee\/et\/meist\/","title":{"rendered":"Meist"},"content":{"rendered":"\t\t<div data-elementor-type=\"wp-page\" data-elementor-id=\"13822\" class=\"elementor elementor-13822 elementor-2\" data-elementor-post-type=\"page\">\n\t\t\t\t\t\t<section class=\"elementor-section elementor-top-section elementor-element elementor-element-154e88e6 elementor-section-boxed elementor-section-height-default elementor-section-height-default\" data-id=\"154e88e6\" data-element_type=\"section\">\n\t\t\t\t\t\t<div class=\"elementor-container elementor-column-gap-default\">\n\t\t\t\t\t<div class=\"elementor-column elementor-col-100 elementor-top-column elementor-element elementor-element-5ef7bd5a\" data-id=\"5ef7bd5a\" data-element_type=\"column\">\n\t\t\t<div class=\"elementor-widget-wrap elementor-element-populated\">\n\t\t\t\t\t\t<div class=\"elementor-element elementor-element-40aaabb6 elementor-widget elementor-widget-text-editor\" data-id=\"40aaabb6\" data-element_type=\"widget\" data-widget_type=\"text-editor.default\">\n\t\t\t\t<div class=\"elementor-widget-container\">\n\t\t\t<style>\/*! elementor - v3.21.0 - 26-05-2024 *\/\n.elementor-widget-text-editor.elementor-drop-cap-view-stacked .elementor-drop-cap{background-color:#69727d;color:#fff}.elementor-widget-text-editor.elementor-drop-cap-view-framed .elementor-drop-cap{color:#69727d;border:3px solid;background-color:transparent}.elementor-widget-text-editor:not(.elementor-drop-cap-view-default) .elementor-drop-cap{margin-top:8px}.elementor-widget-text-editor:not(.elementor-drop-cap-view-default) .elementor-drop-cap-letter{width:1em;height:1em}.elementor-widget-text-editor .elementor-drop-cap{float:left;text-align:center;line-height:1;font-size:50px}.elementor-widget-text-editor .elementor-drop-cap-letter{display:inline-block}<\/style>\t\t\t\t<p>Ettev\u00f5te Balthansa Bureau ltd asutati 2005. aastal.<\/p><p>Meie b\u00fcroo p\u00f5hitegevuseks on f\u00fc\u00fcsiliste ja juriidiliste isikute juriidiline toetus. Pakume ka raamatupidamist ja t\u00f5lketeenuseid (vene-eesti-inglise).<\/p><p>Meie t\u00f6\u00f6tajad<br \/>Meie spetsialistid on k\u00f5rge kvalifikatsiooniga spetsialistid, kellel on pikaajaline kogemus erinevates valdkondades. \u00c4rge kartke meiega \u00fchendust v\u00f5tta mis tahes k\u00fcsimuses, oleme alati valmis aitama teie k\u00fcsimuste lahendamisel.<\/p><p>Lisainformatsioon<\/p><p><strong>Facebook<\/strong>\u00a0<a href=\"https:\/\/www.facebook.com\/balthansa\/info\/?tab=page_info\">https:\/\/www.facebook.com\/balthansa\/info\/?tab=page_info<\/a><\/p><p>\u00a0<\/p>\t\t\t\t\t\t<\/div>\n\t\t\t\t<\/div>\n\t\t\t\t\t<\/div>\n\t\t<\/div>\n\t\t\t\t\t<\/div>\n\t\t<\/section>\n\t\t\t\t<\/div>\n\t\t","protected":false},"excerpt":{"rendered":"<p>Ettev\u00f5te Balthansa Bureau ltd asutati 2005. aastal. Meie b\u00fcroo p\u00f5hitegevuseks on f\u00fc\u00fcsiliste ja juriidiliste isikute juriidiline toetus. Pakume ka raamatupidamist ja t\u00f5lketeenuseid (vene-eesti-inglise). Meie t\u00f6\u00f6tajadMeie spetsialistid on k\u00f5rge kvalifikatsiooniga spetsialistid, kellel on pikaajaline kogemus erinevates valdkondades. \u00c4rge kartke meiega \u00fchendust&#8230;<\/p>\n","protected":false},"author":1,"featured_media":0,"parent":0,"menu_order":0,"comment_status":"closed","ping_status":"open","template":"","meta":{"footnotes":""},"yoast_head":"<!-- This site is optimized with the Yoast SEO plugin v22.8 - https:\/\/yoast.com\/wordpress\/plugins\/seo\/ -->\n<title>Meist - Balthansa Bureau<\/title>\n<meta name=\"robots\" content=\"noindex, follow, max-snippet:-1, max-image-preview:large, max-video-preview:-1\" \/>\n<meta property=\"og:locale\" content=\"et_EE\" \/>\n<meta property=\"og:type\" content=\"article\" \/>\n<meta property=\"og:title\" content=\"Meist - Balthansa Bureau\" \/>\n<meta property=\"og:description\" content=\"Ettev\u00f5te Balthansa Bureau ltd asutati 2005. aastal. Meie b\u00fcroo p\u00f5hitegevuseks on f\u00fc\u00fcsiliste ja juriidiliste isikute juriidiline toetus. Pakume ka raamatupidamist ja t\u00f5lketeenuseid (vene-eesti-inglise). Meie t\u00f6\u00f6tajadMeie spetsialistid on k\u00f5rge kvalifikatsiooniga spetsialistid, kellel on pikaajaline kogemus erinevates valdkondades. \u00c4rge kartke meiega \u00fchendust...\" \/>\n<meta property=\"og:url\" content=\"https:\/\/balthansa.ee\/et\/meist\/\" \/>\n<meta property=\"og:site_name\" content=\"Balthansa Bureau\" \/>\n<meta property=\"article:modified_time\" content=\"2021-10-19T20:00:59+00:00\" \/>\n<meta name=\"twitter:card\" content=\"summary_large_image\" \/>\n<meta name=\"twitter:label1\" content=\"Est. reading time\" \/>\n\t<meta name=\"twitter:data1\" content=\"1 minut\" \/>\n<script type=\"application\/ld+json\" class=\"yoast-schema-graph\">{\"@context\":\"https:\/\/schema.org\",\"@graph\":[{\"@type\":\"WebPage\",\"@id\":\"https:\/\/balthansa.ee\/et\/meist\/\",\"url\":\"https:\/\/balthansa.ee\/et\/meist\/\",\"name\":\"Meist - Balthansa Bureau\",\"isPartOf\":{\"@id\":\"https:\/\/balthansa.ee\/ru\/#website\"},\"datePublished\":\"2021-08-25T04:58:35+00:00\",\"dateModified\":\"2021-10-19T20:00:59+00:00\",\"inLanguage\":\"et\",\"potentialAction\":[{\"@type\":\"ReadAction\",\"target\":[\"https:\/\/balthansa.ee\/et\/meist\/\"]}]},{\"@type\":\"WebSite\",\"@id\":\"https:\/\/balthansa.ee\/ru\/#website\",\"url\":\"https:\/\/balthansa.ee\/ru\/\",\"name\":\"Balthansa Bureau\",\"description\":\"\",\"potentialAction\":[{\"@type\":\"SearchAction\",\"target\":{\"@type\":\"EntryPoint\",\"urlTemplate\":\"https:\/\/balthansa.ee\/ru\/?s={search_term_string}\"},\"query-input\":\"required name=search_term_string\"}],\"inLanguage\":\"et\"}]}<\/script>\n<!-- \/ Yoast SEO plugin. -->","yoast_head_json":{"title":"Meist - Balthansa Bureau","robots":{"index":"noindex","follow":"follow","max-snippet":"max-snippet:-1","max-image-preview":"max-image-preview:large","max-video-preview":"max-video-preview:-1"},"og_locale":"et_EE","og_type":"article","og_title":"Meist - Balthansa Bureau","og_description":"Ettev\u00f5te Balthansa Bureau ltd asutati 2005. aastal. Meie b\u00fcroo p\u00f5hitegevuseks on f\u00fc\u00fcsiliste ja juriidiliste isikute juriidiline toetus. Pakume ka raamatupidamist ja t\u00f5lketeenuseid (vene-eesti-inglise). Meie t\u00f6\u00f6tajadMeie spetsialistid on k\u00f5rge kvalifikatsiooniga spetsialistid, kellel on pikaajaline kogemus erinevates valdkondades. \u00c4rge kartke meiega \u00fchendust...","og_url":"https:\/\/balthansa.ee\/et\/meist\/","og_site_name":"Balthansa Bureau","article_modified_time":"2021-10-19T20:00:59+00:00","twitter_card":"summary_large_image","twitter_misc":{"Est. reading time":"1 minut"},"schema":{"@context":"https:\/\/schema.org","@graph":[{"@type":"WebPage","@id":"https:\/\/balthansa.ee\/et\/meist\/","url":"https:\/\/balthansa.ee\/et\/meist\/","name":"Meist - Balthansa Bureau","isPartOf":{"@id":"https:\/\/balthansa.ee\/ru\/#website"},"datePublished":"2021-08-25T04:58:35+00:00","dateModified":"2021-10-19T20:00:59+00:00","inLanguage":"et","potentialAction":[{"@type":"ReadAction","target":["https:\/\/balthansa.ee\/et\/meist\/"]}]},{"@type":"WebSite","@id":"https:\/\/balthansa.ee\/ru\/#website","url":"https:\/\/balthansa.ee\/ru\/","name":"Balthansa Bureau","description":"","potentialAction":[{"@type":"SearchAction","target":{"@type":"EntryPoint","urlTemplate":"https:\/\/balthansa.ee\/ru\/?s={search_term_string}"},"query-input":"required name=search_term_string"}],"inLanguage":"et"}]}},"jetpack_sharing_enabled":true,"_links":{"self":[{"href":"https:\/\/balthansa.ee\/et\/wp-json\/wp\/v2\/pages\/13822"}],"collection":[{"href":"https:\/\/balthansa.ee\/et\/wp-json\/wp\/v2\/pages"}],"about":[{"href":"https:\/\/balthansa.ee\/et\/wp-json\/wp\/v2\/types\/page"}],"author":[{"embeddable":true,"href":"https:\/\/balthansa.ee\/et\/wp-json\/wp\/v2\/users\/1"}],"replies":[{"embeddable":true,"href":"https:\/\/balthansa.ee\/et\/wp-json\/wp\/v2\/comments?post=13822"}],"version-history":[{"count":5,"href":"https:\/\/balthansa.ee\/et\/wp-json\/wp\/v2\/pages\/13822\/revisions"}],"predecessor-version":[{"id":14895,"href":"https:\/\/balthansa.ee\/et\/wp-json\/wp\/v2\/pages\/13822\/revisions\/14895"}],"wp:attachment":[{"href":"https:\/\/balthansa.ee\/et\/wp-json\/wp\/v2\/media?parent=13822"}],"curies":[{"name":"wp","href":"https:\/\/api.w.org\/{rel}","templated":true}]}}